{"id":3387,"date":"2024-11-22T18:27:09","date_gmt":"2024-11-22T23:27:09","guid":{"rendered":"https:\/\/dodorservices.com\/concours-de-chansons-haiti-2-0\/"},"modified":"2024-12-20T16:49:16","modified_gmt":"2024-12-20T21:49:16","slug":"concours-de-chansons-haiti-2-0","status":"publish","type":"page","link":"https:\/\/dodorservices.com\/fr\/concours-de-chansons-haiti-2-0\/","title":{"rendered":"Concours de chansons Ha\u00efti 2.0"},"content":{"rendered":"<div class=\"fusion-fullwidth fullwidth-box fusion-builder-row-1 fusion-flex-container has-pattern-background has-mask-background nonhundred-percent-fullwidth non-hundred-percent-height-scrolling\" style=\"--awb-border-radius-top-left:0px;--awb-border-radius-top-right:0px;--awb-border-radius-bottom-right:0px;--awb-border-radius-bottom-left:0px;--awb-flex-wrap:wrap;\" ><div class=\"fusion-builder-row fusion-row fusion-flex-align-items-flex-start fusion-flex-content-wrap\" style=\"max-width:1310.4px;margin-left: calc(-4% \/ 2 );margin-right: calc(-4% \/ 2 );\"><div class=\"fusion-layout-column fusion_builder_column fusion-builder-column-0 fusion_builder_column_1_1 1_1 fusion-flex-column\" style=\"--awb-bg-size:cover;--awb-width-large:100%;--awb-margin-top-large:20px;--awb-spacing-right-large:1.92%;--awb-margin-bottom-large:20px;--awb-spacing-left-large:1.92%;--awb-width-medium:100%;--awb-order-medium:0;--awb-spacing-right-medium:1.92%;--awb-spacing-left-medium:1.92%;--awb-width-small:100%;--awb-order-small:0;--awb-spacing-right-small:1.92%;--awb-spacing-left-small:1.92%;\"><div class=\"fusion-column-wrapper fusion-column-has-shadow fusion-flex-justify-content-flex-start fusion-content-layout-column\"><div class=\"fusion-text fusion-text-1\"><h1 style=\"text-align: center;\">Merci pour votre soumission.<\/h1>\n<p>Merci d&rsquo;avoir particip\u00e9 au concours de chansons Ha\u00efti 2.0. Un courriel a \u00e9t\u00e9 envoy\u00e9 \u00e0 votre adresse de contact pour confirmer votre participation. Il contient \u00e9galement le lien que vous devez utiliser pour t\u00e9l\u00e9charger des fichiers de chansons et de vid\u00e9os sur WhatsApp si n\u00e9cessaire.<\/p>\n<p>Si vous n&rsquo;avez pas re\u00e7u votre confirmation ou si vous avez des questions, envoyez un courriel \u00e0 <a href=\"mailto:dodorvibe@gmail.com\">dodorvibe@gmail.com<\/a> ou appelez-nous au 718.758.5005 pendant les heures de bureau.<\/p>\n<\/div><\/div><\/div><\/div><\/div>\n","protected":false},"excerpt":{"rendered":"","protected":false},"author":1,"featured_media":3126,"parent":0,"menu_order":0,"comment_status":"closed","ping_status":"closed","template":"","meta":{"_coblocks_attr":"","_coblocks_dimensions":"","_coblocks_responsive_height":"","_coblocks_accordion_ie_support":"","_monsterinsights_skip_tracking":false,"_monsterinsights_sitenote_active":false,"_monsterinsights_sitenote_note":"","_monsterinsights_sitenote_category":0,"footnotes":""},"class_list":["post-3387","page","type-page","status-publish","has-post-thumbnail","hentry"],"_links":{"self":[{"href":"https:\/\/dodorservices.com\/fr\/wp-json\/wp\/v2\/pages\/3387","targetHints":{"allow":["GET"]}}],"collection":[{"href":"https:\/\/dodorservices.com\/fr\/wp-json\/wp\/v2\/pages"}],"about":[{"href":"https:\/\/dodorservices.com\/fr\/wp-json\/wp\/v2\/types\/page"}],"author":[{"embeddable":true,"href":"https:\/\/dodorservices.com\/fr\/wp-json\/wp\/v2\/users\/1"}],"replies":[{"embeddable":true,"href":"https:\/\/dodorservices.com\/fr\/wp-json\/wp\/v2\/comments?post=3387"}],"version-history":[{"count":2,"href":"https:\/\/dodorservices.com\/fr\/wp-json\/wp\/v2\/pages\/3387\/revisions"}],"predecessor-version":[{"id":3389,"href":"https:\/\/dodorservices.com\/fr\/wp-json\/wp\/v2\/pages\/3387\/revisions\/3389"}],"wp:featuredmedia":[{"embeddable":true,"href":"https:\/\/dodorservices.com\/fr\/wp-json\/wp\/v2\/media\/3126"}],"wp:attachment":[{"href":"https:\/\/dodorservices.com\/fr\/wp-json\/wp\/v2\/media?parent=3387"}],"curies":[{"name":"wp","href":"https:\/\/api.w.org\/{rel}","templated":true}]}}