{"id":3443,"date":"2020-08-20T17:50:18","date_gmt":"2020-08-20T22:50:18","guid":{"rendered":"https:\/\/dodorservices.com\/a-propos-de-nous\/"},"modified":"2024-12-21T13:23:39","modified_gmt":"2024-12-21T18:23:39","slug":"a-propos-de-nous","status":"publish","type":"page","link":"https:\/\/dodorservices.com\/fr\/a-propos-de-nous\/","title":{"rendered":"A propos de nous"},"content":{"rendered":"<p><div class=\"fusion-fullwidth fullwidth-box fusion-builder-row-1 fusion-flex-container nonhundred-percent-fullwidth non-hundred-percent-height-scrolling\" style=\"--awb-border-radius-top-left:0px;--awb-border-radius-top-right:0px;--awb-border-radius-bottom-right:0px;--awb-border-radius-bottom-left:0px;--awb-padding-top:0px;--awb-padding-bottom:20px;--awb-background-image:linear-gradient(180deg, var(--awb-color4) 60%,var(--awb-color1) 60%);--awb-flex-wrap:wrap;\" ><div class=\"fusion-builder-row fusion-row fusion-flex-align-items-stretch fusion-flex-content-wrap\" style=\"max-width:1310.4px;margin-left: calc(-4% \/ 2 );margin-right: calc(-4% \/ 2 );\"><div class=\"fusion-layout-column fusion_builder_column fusion-builder-column-0 fusion_builder_column_1_4 1_4 fusion-flex-column\" style=\"--awb-bg-size:cover;--awb-width-large:25%;--awb-margin-top-large:20px;--awb-spacing-right-large:10px;--awb-margin-bottom-large:20px;--awb-spacing-left-large:7.68%;--awb-width-medium:25%;--awb-order-medium:0;--awb-spacing-right-medium:10px;--awb-spacing-left-medium:7.68%;--awb-width-small:50%;--awb-order-small:1;--awb-spacing-right-small:10px;--awb-spacing-left-small:3.84%;\"><div class=\"fusion-column-wrapper fusion-column-has-shadow fusion-flex-justify-content-center fusion-content-layout-column\"><div class=\"fusion-image-element \" style=\"--awb-caption-title-font-family:var(--h2_typography-font-family);--awb-caption-title-font-weight:var(--h2_typography-font-weight);--awb-caption-title-font-style:var(--h2_typography-font-style);--awb-caption-title-size:var(--h2_typography-font-size);--awb-caption-title-transform:var(--h2_typography-text-transform);--awb-caption-title-line-height:var(--h2_typography-line-height);--awb-caption-title-letter-spacing:var(--h2_typography-letter-spacing);\"><span class=\" fusion-imageframe imageframe-none imageframe-1 hover-type-none\" style=\"border-radius:12px;\"><img decoding=\"async\" width=\"700\" height=\"485\" title=\"Nothing but smiles.\" src=\"https:\/\/dodorservices.com\/wp-content\/uploads\/2024\/10\/person03.jpg\" data-orig-src=\"https:\/\/dodorservices.com\/wp-content\/uploads\/2024\/10\/person03.jpg\" alt class=\"lazyload img-responsive wp-image-3100\" srcset=\"data:image\/svg+xml,%3Csvg%20xmlns%3D%27http%3A%2F%2Fwww.w3.org%2F2000%2Fsvg%27%20width%3D%27700%27%20height%3D%27485%27%20viewBox%3D%270%200%20700%20485%27%3E%3Crect%20width%3D%27700%27%20height%3D%27485%27%20fill-opacity%3D%220%22%2F%3E%3C%2Fsvg%3E\" data-srcset=\"https:\/\/dodorservices.com\/wp-content\/uploads\/2024\/10\/person03-200x139.jpg 200w, https:\/\/dodorservices.com\/wp-content\/uploads\/2024\/10\/person03-400x277.jpg 400w, https:\/\/dodorservices.com\/wp-content\/uploads\/2024\/10\/person03-600x416.jpg 600w, https:\/\/dodorservices.com\/wp-content\/uploads\/2024\/10\/person03.jpg 700w\" data-sizes=\"auto\" data-orig-sizes=\"(max-width: 640px) 100vw, 400px\" \/><\/span><\/div><\/div><\/div><div class=\"fusion-layout-column fusion_builder_column fusion-builder-column-1 fusion_builder_column_1_2 1_2 fusion-flex-column\" style=\"--awb-bg-size:cover;--awb-width-large:50%;--awb-margin-top-large:20px;--awb-spacing-right-large:10px;--awb-margin-bottom-large:20px;--awb-spacing-left-large:10px;--awb-width-medium:50%;--awb-order-medium:0;--awb-spacing-right-medium:10px;--awb-spacing-left-medium:10px;--awb-width-small:100%;--awb-order-small:0;--awb-margin-top-small:0px;--awb-spacing-right-small:1.92%;--awb-spacing-left-small:1.92%;\"><div class=\"fusion-column-wrapper fusion-column-has-shadow fusion-flex-justify-content-flex-start fusion-content-layout-column\"><div class=\"fusion-image-element \" style=\"--awb-caption-title-font-family:var(--h2_typography-font-family);--awb-caption-title-font-weight:var(--h2_typography-font-weight);--awb-caption-title-font-style:var(--h2_typography-font-style);--awb-caption-title-size:var(--h2_typography-font-size);--awb-caption-title-transform:var(--h2_typography-text-transform);--awb-caption-title-line-height:var(--h2_typography-line-height);--awb-caption-title-letter-spacing:var(--h2_typography-letter-spacing);\"><span class=\" fusion-imageframe imageframe-none imageframe-2 hover-type-none\" style=\"border-radius:12px;\"><img decoding=\"async\" width=\"700\" height=\"467\" title=\"Group of multiracial friends taking a selfie outdoor &#8211; Young peo\" src=\"https:\/\/dodorservices.com\/wp-content\/uploads\/2024\/10\/person06.jpg\" data-orig-src=\"https:\/\/dodorservices.com\/wp-content\/uploads\/2024\/10\/person06.jpg\" alt class=\"lazyload img-responsive wp-image-3106\" srcset=\"data:image\/svg+xml,%3Csvg%20xmlns%3D%27http%3A%2F%2Fwww.w3.org%2F2000%2Fsvg%27%20width%3D%27700%27%20height%3D%27467%27%20viewBox%3D%270%200%20700%20467%27%3E%3Crect%20width%3D%27700%27%20height%3D%27467%27%20fill-opacity%3D%220%22%2F%3E%3C%2Fsvg%3E\" data-srcset=\"https:\/\/dodorservices.com\/wp-content\/uploads\/2024\/10\/person06-200x133.jpg 200w, https:\/\/dodorservices.com\/wp-content\/uploads\/2024\/10\/person06-400x267.jpg 400w, https:\/\/dodorservices.com\/wp-content\/uploads\/2024\/10\/person06-600x400.jpg 600w, https:\/\/dodorservices.com\/wp-content\/uploads\/2024\/10\/person06.jpg 700w\" data-sizes=\"auto\" data-orig-sizes=\"(max-width: 640px) 100vw, 700px\" \/><\/span><\/div><\/div><\/div><div class=\"fusion-layout-column fusion_builder_column fusion-builder-column-2 fusion_builder_column_1_4 1_4 fusion-flex-column\" style=\"--awb-bg-size:cover;--awb-width-large:25%;--awb-margin-top-large:20px;--awb-spacing-right-large:7.68%;--awb-margin-bottom-large:20px;--awb-spacing-left-large:10px;--awb-width-medium:25%;--awb-order-medium:0;--awb-spacing-right-medium:7.68%;--awb-spacing-left-medium:10px;--awb-width-small:50%;--awb-order-small:2;--awb-spacing-right-small:3.84%;--awb-spacing-left-small:10px;\"><div class=\"fusion-column-wrapper fusion-column-has-shadow fusion-flex-justify-content-flex-start fusion-content-layout-column\"><div class=\"fusion-image-element \" style=\"--awb-caption-title-font-family:var(--h2_typography-font-family);--awb-caption-title-font-weight:var(--h2_typography-font-weight);--awb-caption-title-font-style:var(--h2_typography-font-style);--awb-caption-title-size:var(--h2_typography-font-size);--awb-caption-title-transform:var(--h2_typography-text-transform);--awb-caption-title-line-height:var(--h2_typography-line-height);--awb-caption-title-letter-spacing:var(--h2_typography-letter-spacing);\"><span class=\" fusion-imageframe imageframe-none imageframe-3 hover-type-none\" style=\"border-radius:12px;\"><img decoding=\"async\" width=\"700\" height=\"660\" title=\"person02\" src=\"https:\/\/dodorservices.com\/wp-content\/uploads\/2024\/10\/person02.jpg\" data-orig-src=\"https:\/\/dodorservices.com\/wp-content\/uploads\/2024\/10\/person02.jpg\" alt class=\"lazyload img-responsive wp-image-3098\" srcset=\"data:image\/svg+xml,%3Csvg%20xmlns%3D%27http%3A%2F%2Fwww.w3.org%2F2000%2Fsvg%27%20width%3D%27700%27%20height%3D%27660%27%20viewBox%3D%270%200%20700%20660%27%3E%3Crect%20width%3D%27700%27%20height%3D%27660%27%20fill-opacity%3D%220%22%2F%3E%3C%2Fsvg%3E\" data-srcset=\"https:\/\/dodorservices.com\/wp-content\/uploads\/2024\/10\/person02-200x189.jpg 200w, https:\/\/dodorservices.com\/wp-content\/uploads\/2024\/10\/person02-400x377.jpg 400w, https:\/\/dodorservices.com\/wp-content\/uploads\/2024\/10\/person02-600x566.jpg 600w, https:\/\/dodorservices.com\/wp-content\/uploads\/2024\/10\/person02.jpg 700w\" data-sizes=\"auto\" data-orig-sizes=\"(max-width: 640px) 100vw, 400px\" \/><\/span><\/div><\/div><\/div><\/div><\/div><div class=\"fusion-fullwidth fullwidth-box fusion-builder-row-2 fusion-flex-container nonhundred-percent-fullwidth non-hundred-percent-height-scrolling\" style=\"--awb-border-radius-top-left:0px;--awb-border-radius-top-right:0px;--awb-border-radius-bottom-right:0px;--awb-border-radius-bottom-left:0px;--awb-padding-top:50px;--awb-padding-top-medium:40px;--awb-padding-bottom-medium:48px;--awb-padding-top-small:0px;--awb-padding-bottom-small:20px;--awb-flex-wrap:wrap;\" ><div class=\"fusion-builder-row fusion-row fusion-flex-align-items-flex-start fusion-flex-justify-content-center fusion-flex-content-wrap\" style=\"max-width:1310.4px;margin-left: calc(-4% \/ 2 );margin-right: calc(-4% \/ 2 );\"><div class=\"fusion-layout-column fusion_builder_column fusion-builder-column-3 fusion_builder_column_3_5 3_5 fusion-flex-column\" style=\"--awb-bg-size:cover;--awb-width-large:60%;--awb-margin-top-large:20px;--awb-spacing-right-large:3.2%;--awb-margin-bottom-large:20px;--awb-spacing-left-large:3.2%;--awb-width-medium:66.666666666667%;--awb-order-medium:0;--awb-spacing-right-medium:2.88%;--awb-spacing-left-medium:2.88%;--awb-width-small:100%;--awb-order-small:0;--awb-spacing-right-small:1.92%;--awb-spacing-left-small:1.92%;\"><div class=\"fusion-column-wrapper fusion-column-has-shadow fusion-flex-justify-content-flex-start fusion-content-layout-column\"><div class=\"fusion-title title fusion-title-1 fusion-sep-none fusion-title-text fusion-title-size-three\" style=\"--awb-margin-top-small:10px;--awb-margin-right-small:0px;--awb-margin-bottom-small:20px;--awb-margin-left-small:0px;\"><h3 class=\"fusion-title-heading title-heading-left fusion-responsive-typography-calculated\" style=\"margin:0;--fontSize:36;line-height:1.3;\">Vue d&rsquo;ensemble<span style=\"color: var(--awb-color7);\">.<\/span><\/h3><\/div><div class=\"fusion-text fusion-text-1\"><p style=\"text-align: left;\">Chez Dodor Services, les besoins de nos clients sont notre objectif ! Nich\u00e9s au c\u0153ur du quartier Little Haiti de Brooklyn, nous avons \u00e9largi notre offre de services immobiliers \u00e0 un large \u00e9ventail d&rsquo;activit\u00e9s de soutien \u00e0 la communaut\u00e9. Que vous soyez nouveau dans le quartier ou r\u00e9sident de longue date, nous sommes l\u00e0 pour vous aider en vous proposant une aide \u00e0 l&rsquo;immigration, des services de carri\u00e8re, une assistance juridique et bien plus encore. Chez Dodor Services, nous nous engageons \u00e0 vous aider \u00e0 prosp\u00e9rer !<\/p>\n<\/div><\/div><\/div><\/div><\/div><div class=\"fusion-fullwidth fullwidth-box fusion-builder-row-3 fusion-flex-container hundred-percent-fullwidth non-hundred-percent-height-scrolling\" style=\"--awb-border-radius-top-left:0px;--awb-border-radius-top-right:0px;--awb-border-radius-bottom-right:0px;--awb-border-radius-bottom-left:0px;--awb-padding-right:6%;--awb-padding-left:6%;--awb-padding-top-medium:40px;--awb-padding-right-medium:4%;--awb-padding-bottom-medium:48px;--awb-padding-left-medium:4%;--awb-padding-top-small:20px;--awb-padding-bottom-small:0px;--awb-flex-wrap:wrap;\" ><div class=\"fusion-builder-row fusion-row fusion-flex-align-items-stretch fusion-flex-justify-content-center fusion-flex-content-wrap\" style=\"width:104% !important;max-width:104% !important;margin-left: calc(-4% \/ 2 );margin-right: calc(-4% \/ 2 );\"><div class=\"fusion-layout-column fusion_builder_column fusion-builder-column-4 fusion_builder_column_2_5 2_5 fusion-flex-column\" style=\"--awb-bg-position:center top;--awb-bg-size:cover;--awb-width-large:40%;--awb-margin-top-large:10px;--awb-spacing-right-large:4.8%;--awb-margin-bottom-large:10px;--awb-spacing-left-large:4.8%;--awb-width-medium:50%;--awb-order-medium:0;--awb-spacing-right-medium:3.84%;--awb-spacing-left-medium:3.84%;--awb-width-small:100%;--awb-order-small:0;--awb-spacing-right-small:1.92%;--awb-spacing-left-small:1.92%;\"><div class=\"fusion-column-wrapper fusion-column-has-shadow fusion-flex-justify-content-center fusion-content-layout-column\"><div class=\"fusion-image-element \" style=\"--awb-caption-title-font-family:var(--h2_typography-font-family);--awb-caption-title-font-weight:var(--h2_typography-font-weight);--awb-caption-title-font-style:var(--h2_typography-font-style);--awb-caption-title-size:var(--h2_typography-font-size);--awb-caption-title-transform:var(--h2_typography-text-transform);--awb-caption-title-line-height:var(--h2_typography-line-height);--awb-caption-title-letter-spacing:var(--h2_typography-letter-spacing);\"><span class=\" fusion-imageframe imageframe-none imageframe-4 hover-type-none\" style=\"border-radius:12px;\"><img decoding=\"async\" width=\"700\" height=\"719\" title=\"A young up and comer in the industry.\" src=\"https:\/\/dodorservices.com\/wp-content\/uploads\/2024\/10\/person01.jpg\" data-orig-src=\"https:\/\/dodorservices.com\/wp-content\/uploads\/2024\/10\/person01.jpg\" alt class=\"lazyload img-responsive wp-image-3096\" srcset=\"data:image\/svg+xml,%3Csvg%20xmlns%3D%27http%3A%2F%2Fwww.w3.org%2F2000%2Fsvg%27%20width%3D%27700%27%20height%3D%27719%27%20viewBox%3D%270%200%20700%20719%27%3E%3Crect%20width%3D%27700%27%20height%3D%27719%27%20fill-opacity%3D%220%22%2F%3E%3C%2Fsvg%3E\" data-srcset=\"https:\/\/dodorservices.com\/wp-content\/uploads\/2024\/10\/person01-200x205.jpg 200w, https:\/\/dodorservices.com\/wp-content\/uploads\/2024\/10\/person01-400x411.jpg 400w, https:\/\/dodorservices.com\/wp-content\/uploads\/2024\/10\/person01-600x616.jpg 600w, https:\/\/dodorservices.com\/wp-content\/uploads\/2024\/10\/person01.jpg 700w\" data-sizes=\"auto\" data-orig-sizes=\"(max-width: 640px) 100vw, 600px\" \/><\/span><\/div><\/div><\/div><div class=\"fusion-layout-column fusion_builder_column fusion-builder-column-5 fusion_builder_column_2_5 2_5 fusion-flex-column\" style=\"--awb-bg-size:cover;--awb-width-large:40%;--awb-margin-top-large:20px;--awb-spacing-right-large:14.4%;--awb-margin-bottom-large:20px;--awb-spacing-left-large:19.2%;--awb-width-medium:50%;--awb-order-medium:0;--awb-spacing-right-medium:0px;--awb-spacing-left-medium:5.76%;--awb-width-small:100%;--awb-order-small:0;--awb-spacing-right-small:1.92%;--awb-spacing-left-small:1.92%;\"><div class=\"fusion-column-wrapper fusion-column-has-shadow fusion-flex-justify-content-center fusion-content-layout-column\"><div class=\"fusion-title title fusion-title-2 fusion-sep-none fusion-title-text fusion-title-size-four\" style=\"--awb-text-color:var(--awb-color7);--awb-margin-top:0px;--awb-margin-bottom:16px;--awb-margin-top-small:10px;--awb-margin-right-small:0px;--awb-margin-bottom-small:20px;--awb-margin-left-small:0px;\"><h4 class=\"fusion-title-heading title-heading-left fusion-responsive-typography-calculated\" style=\"margin:0;--fontSize:24;--minFontSize:24;line-height:1.42;\">Notre mission<\/h4><\/div><div class=\"fusion-title title fusion-title-3 fusion-sep-none fusion-title-text fusion-title-size-two\" style=\"--awb-margin-top:0px;--awb-margin-top-small:10px;--awb-margin-right-small:0px;--awb-margin-bottom-small:20px;--awb-margin-left-small:0px;\"><h2 class=\"fusion-title-heading title-heading-left fusion-responsive-typography-calculated\" style=\"margin:0;--fontSize:48;line-height:1.2;\">Nous sommes d\u00e9termin\u00e9s \u00e0 vous aider \u00e0 prosp\u00e9rer !<\/h2><\/div><div class=\"fusion-text fusion-text-2\"><p>Chez <strong>Dodor Services<\/strong>, nous nous engageons \u00e0 vous aider \u00e0 prosp\u00e9rer de toutes les mani\u00e8res possibles. Qu&rsquo;il s&rsquo;agisse de conseils en mati\u00e8re d&rsquo;immobilier ou de services communautaires essentiels tels que l&rsquo;aide \u00e0 l&rsquo;immigration, l&rsquo;aide \u00e0 la carri\u00e8re ou l&rsquo;aide juridique, nous sommes l\u00e0 pour veiller \u00e0 ce que vous disposiez des outils et des ressources dont vous avez besoin pour r\u00e9ussir. Nous sommes fiers de soutenir notre communaut\u00e9 dynamique. Quel que soit votre parcours, nous nous engageons \u00e0 vous accompagner \u00e0 chaque \u00e9tape !<\/p>\n<\/div><\/div><\/div><\/div><\/div><div class=\"fusion-fullwidth fullwidth-box fusion-builder-row-4 fusion-flex-container nonhundred-percent-fullwidth non-hundred-percent-height-scrolling\" style=\"--link_hover_color: var(--awb-color5);--link_color: var(--awb-color7);--awb-border-radius-top-left:0px;--awb-border-radius-top-right:0px;--awb-border-radius-bottom-right:0px;--awb-border-radius-bottom-left:0px;--awb-padding-top:94px;--awb-padding-bottom:94px;--awb-padding-bottom-medium:60px;--awb-padding-top-small:32px;--awb-padding-bottom-small:20px;--awb-flex-wrap:wrap;\" ><div class=\"fusion-builder-row fusion-row fusion-flex-align-items-flex-start fusion-flex-justify-content-center fusion-flex-content-wrap\" style=\"max-width:1310.4px;margin-left: calc(-4% \/ 2 );margin-right: calc(-4% \/ 2 );\"><div class=\"fusion-layout-column fusion_builder_column fusion-builder-column-6 fusion_builder_column_1_1 1_1 fusion-flex-column\" style=\"--awb-bg-size:cover;--awb-width-large:100%;--awb-margin-top-large:20px;--awb-spacing-right-large:1.92%;--awb-margin-bottom-large:40px;--awb-spacing-left-large:1.92%;--awb-width-medium:75%;--awb-spacing-right-medium:2.56%;--awb-margin-bottom-medium:30px;--awb-spacing-left-medium:2.56%;--awb-width-small:100%;--awb-spacing-right-small:1.92%;--awb-margin-bottom-small:16px;--awb-spacing-left-small:1.92%;\"><div class=\"fusion-column-wrapper fusion-column-has-shadow fusion-flex-justify-content-flex-start fusion-content-layout-column\"><div class=\"fusion-title title fusion-title-4 fusion-sep-none fusion-title-center fusion-title-text fusion-title-size-two\" style=\"--awb-margin-top-small:10px;--awb-margin-right-small:0px;--awb-margin-bottom-small:20px;--awb-margin-left-small:0px;\"><h2 class=\"fusion-title-heading title-heading-center fusion-responsive-typography-calculated\" style=\"margin:0;--fontSize:48;line-height:1.2;\">Notre bureau.<\/h2><\/div><\/div><\/div><div class=\"fusion-layout-column fusion_builder_column fusion-builder-column-7 fusion_builder_column_1_1 1_1 fusion-flex-column\" style=\"--awb-overflow:hidden;--awb-bg-size:cover;--awb-border-color:hsla(var(--awb-color1-h),var(--awb-color1-s),calc( var(--awb-color1-l) - 100% ),calc( var(--awb-color1-a) - 95% ));--awb-border-style:solid;--awb-border-radius:8px 8px 8px 8px;--awb-width-large:100%;--awb-margin-top-large:20px;--awb-spacing-right-large:20px;--awb-margin-bottom-large:20px;--awb-spacing-left-large:20px;--awb-width-medium:100%;--awb-order-medium:0;--awb-spacing-right-medium:10px;--awb-spacing-left-medium:10px;--awb-width-small:100%;--awb-order-small:0;--awb-spacing-right-small:1.92%;--awb-margin-bottom-small:10px;--awb-spacing-left-small:1.92%;\"><div class=\"fusion-column-wrapper fusion-column-has-shadow fusion-flex-justify-content-flex-start fusion-content-layout-column\"><div class=\"shortcode-map fusion-google-map fusion-maps-embed-type\"><iframe class=\"lazyload\" width=\"100%\" height=\"320px\" frameborder=\"0\" style=\"border:0\" src=\"data:image\/svg+xml,%3Csvg%20xmlns%3D%27http%3A%2F%2Fwww.w3.org%2F2000%2Fsvg%27%20width%3D%27100%27%20height%3D%27320%27%20viewBox%3D%270%200%20100%20320%27%3E%3Crect%20width%3D%27100%27%20height%3D%27320%27%20fill-opacity%3D%220%22%2F%3E%3C%2Fsvg%3E\" data-orig-src=\"https:\/\/www.google.com\/maps\/embed\/v1\/place?key=AIzaSyAayVGopjsARZK4jZ21ArOC34bjM_JA7aQ&language=fr&q=1814+Nostrand+Avenue,+Brooklyn,+NY+11226&maptype=roadmap&zoom=14\" allowfullscreen><\/iframe><\/div><div class=\"fusion-title title fusion-title-5 fusion-sep-none fusion-title-text fusion-title-size-four\" style=\"--awb-margin-top:20px;--awb-margin-bottom:10px;--awb-margin-top-small:20px;--awb-margin-right-small:0px;--awb-margin-bottom-small:20px;--awb-margin-left-small:0px;\"><h4 class=\"fusion-title-heading title-heading-left fusion-responsive-typography-calculated\" style=\"margin:0;--fontSize:24;--minFontSize:24;line-height:1.42;\">Brooklyn, NY<\/h4><\/div><div class=\"fusion-text fusion-text-3\" style=\"--awb-font-size:16px;--awb-text-font-family:var(--awb-typography3-font-family);--awb-text-font-weight:var(--awb-typography3-font-weight);--awb-text-font-style:var(--awb-typography3-font-style);\"><p>1814 Nostrand Ave<\/p>\n<\/div><div class=\"fusion-text fusion-text-4\" style=\"--awb-font-size:16px;--awb-text-font-family:var(--awb-typography3-font-family);--awb-text-font-weight:var(--awb-typography3-font-weight);--awb-text-font-style:var(--awb-typography3-font-style);\"><p><a href=\"https:\/\/dodorservices.com\/contact\/\">Contactez nous<\/a><\/p>\n<\/div><\/div><\/div><\/div><\/div><\/p>\n","protected":false},"excerpt":{"rendered":"","protected":false},"author":1,"featured_media":0,"parent":0,"menu_order":0,"comment_status":"closed","ping_status":"closed","template":"100-width.php","meta":{"_coblocks_attr":"","_coblocks_dimensions":"","_coblocks_responsive_height":"","_coblocks_accordion_ie_support":"","_monsterinsights_skip_tracking":false,"_monsterinsights_sitenote_active":false,"_monsterinsights_sitenote_note":"","_monsterinsights_sitenote_category":0,"footnotes":""},"class_list":["post-3443","page","type-page","status-publish","hentry"],"_links":{"self":[{"href":"https:\/\/dodorservices.com\/fr\/wp-json\/wp\/v2\/pages\/3443","targetHints":{"allow":["GET"]}}],"collection":[{"href":"https:\/\/dodorservices.com\/fr\/wp-json\/wp\/v2\/pages"}],"about":[{"href":"https:\/\/dodorservices.com\/fr\/wp-json\/wp\/v2\/types\/page"}],"author":[{"embeddable":true,"href":"https:\/\/dodorservices.com\/fr\/wp-json\/wp\/v2\/users\/1"}],"replies":[{"embeddable":true,"href":"https:\/\/dodorservices.com\/fr\/wp-json\/wp\/v2\/comments?post=3443"}],"version-history":[{"count":3,"href":"https:\/\/dodorservices.com\/fr\/wp-json\/wp\/v2\/pages\/3443\/revisions"}],"predecessor-version":[{"id":3446,"href":"https:\/\/dodorservices.com\/fr\/wp-json\/wp\/v2\/pages\/3443\/revisions\/3446"}],"wp:attachment":[{"href":"https:\/\/dodorservices.com\/fr\/wp-json\/wp\/v2\/media?parent=3443"}],"curies":[{"name":"wp","href":"https:\/\/api.w.org\/{rel}","templated":true}]}}