{"id":3526,"date":"2025-01-11T13:36:16","date_gmt":"2025-01-11T18:36:16","guid":{"rendered":"https:\/\/dodorservices.com\/preinscription-au-concours-de-chant-haiti-2-0\/"},"modified":"2025-01-11T14:51:31","modified_gmt":"2025-01-11T19:51:31","slug":"preinscription-au-concours-de-chant-haiti-2-0","status":"publish","type":"page","link":"https:\/\/dodorservices.com\/fr\/preinscription-au-concours-de-chant-haiti-2-0\/","title":{"rendered":"Pr\u00e9inscription au concours de chant Ha\u00efti 2.0"},"content":{"rendered":"<div class=\"fusion-fullwidth fullwidth-box fusion-builder-row-1 fusion-flex-container has-pattern-background has-mask-background nonhundred-percent-fullwidth non-hundred-percent-height-scrolling\" style=\"--awb-border-radius-top-left:0px;--awb-border-radius-top-right:0px;--awb-border-radius-bottom-right:0px;--awb-border-radius-bottom-left:0px;--awb-flex-wrap:wrap;\" ><div class=\"fusion-builder-row fusion-row fusion-flex-align-items-flex-start fusion-flex-content-wrap\" style=\"max-width:1310.4px;margin-left: calc(-4% \/ 2 );margin-right: calc(-4% \/ 2 );\"><div class=\"fusion-layout-column fusion_builder_column fusion-builder-column-0 fusion_builder_column_1_1 1_1 fusion-flex-column\" style=\"--awb-bg-size:cover;--awb-width-large:100%;--awb-margin-top-large:20px;--awb-spacing-right-large:1.92%;--awb-margin-bottom-large:20px;--awb-spacing-left-large:1.92%;--awb-width-medium:100%;--awb-order-medium:0;--awb-spacing-right-medium:1.92%;--awb-spacing-left-medium:1.92%;--awb-width-small:100%;--awb-order-small:0;--awb-spacing-right-small:1.92%;--awb-spacing-left-small:1.92%;\"><div class=\"fusion-column-wrapper fusion-column-has-shadow fusion-flex-justify-content-flex-start fusion-content-layout-column\"><div class=\"fusion-text fusion-text-1\"><h1 style=\"text-align: center; --fontSize: 60; line-height: 1.16;\" data-fontsize=\"60\" data-lineheight=\"69.6px\" class=\"fusion-responsive-typography-calculated\">Votre place est r\u00e9serv\u00e9e !<\/h1>\n<p>Votre place est retenue pour le concours de chansons Ha\u00efti 2.0. Les informations ci-dessous vous ont \u00e9galement \u00e9t\u00e9 envoy\u00e9es par courrier \u00e9lectronique.<\/p>\n<p>Les prochaines \u00e9tapes consistent \u00e0 \u00e9crire votre chanson, \u00e0 vous enregistrer (ou \u00e0 enregistrer votre groupe), \u00e0 prendre des photos et \u00e0 soumettre votre candidature. Ne tardez pas, car les dates de d\u00e9p\u00f4t des candidatures d\u00e9finitives arriveront bient\u00f4t. (Nous vous enverrons un courriel lorsque nous aurons d\u00e9termin\u00e9 les dates finales de d\u00e9p\u00f4t des candidatures).<\/p>\n<p>Pour rappel, nous aurons \u00e9galement besoin des \u00e9l\u00e9ments suivants pour l&rsquo;application finale :<\/p>\n<ul>\n<li>Vos coordonn\u00e9es (nom, adresse, num\u00e9ro de t\u00e9l\u00e9phone, etc&#8230;)<\/li>\n<li>Informations et photos de l&rsquo;artiste ou du groupe (nom de l&rsquo;artiste, noms des membres du groupe, etc&#8230;)<\/li>\n<li>Informations sur la chanson que vous soumettez (nom de la chanson, lien YouTube, SoundCloud ou t\u00e9l\u00e9chargement de la chanson ou de la vid\u00e9o).<\/li>\n<\/ul>\n<p>Maintenant, allez-y et travaillez sur votre musique, et BONNE CHANCE !<\/p>\n<p>Une fois que vous \u00eates pr\u00eat \u00e0 compl\u00e9ter votre inscription, vous pouvez cliquer sur le lien ci-dessous :<\/p>\n<p><a href=\"https:\/\/dodorservices.com\/fr\/formulaire-de-concours-de-chansons-pour-haiti-2-0\/\"><b>https:\/\/dodorservices.com\/haiti-2-0-song-competition\/<\/b><\/a><\/p>\n<\/div><\/div><\/div><\/div><\/div>\n","protected":false},"excerpt":{"rendered":"","protected":false},"author":1,"featured_media":3126,"parent":0,"menu_order":0,"comment_status":"closed","ping_status":"closed","template":"","meta":{"_coblocks_attr":"","_coblocks_dimensions":"","_coblocks_responsive_height":"","_coblocks_accordion_ie_support":"","_monsterinsights_skip_tracking":false,"_monsterinsights_sitenote_active":false,"_monsterinsights_sitenote_note":"","_monsterinsights_sitenote_category":0,"footnotes":""},"class_list":["post-3526","page","type-page","status-publish","has-post-thumbnail","hentry"],"_links":{"self":[{"href":"https:\/\/dodorservices.com\/fr\/wp-json\/wp\/v2\/pages\/3526","targetHints":{"allow":["GET"]}}],"collection":[{"href":"https:\/\/dodorservices.com\/fr\/wp-json\/wp\/v2\/pages"}],"about":[{"href":"https:\/\/dodorservices.com\/fr\/wp-json\/wp\/v2\/types\/page"}],"author":[{"embeddable":true,"href":"https:\/\/dodorservices.com\/fr\/wp-json\/wp\/v2\/users\/1"}],"replies":[{"embeddable":true,"href":"https:\/\/dodorservices.com\/fr\/wp-json\/wp\/v2\/comments?post=3526"}],"version-history":[{"count":2,"href":"https:\/\/dodorservices.com\/fr\/wp-json\/wp\/v2\/pages\/3526\/revisions"}],"predecessor-version":[{"id":3528,"href":"https:\/\/dodorservices.com\/fr\/wp-json\/wp\/v2\/pages\/3526\/revisions\/3528"}],"wp:featuredmedia":[{"embeddable":true,"href":"https:\/\/dodorservices.com\/fr\/wp-json\/wp\/v2\/media\/3126"}],"wp:attachment":[{"href":"https:\/\/dodorservices.com\/fr\/wp-json\/wp\/v2\/media?parent=3526"}],"curies":[{"name":"wp","href":"https:\/\/api.w.org\/{rel}","templated":true}]}}