{"id":3390,"date":"2024-11-22T18:27:09","date_gmt":"2024-11-22T23:27:09","guid":{"rendered":"https:\/\/dodorservices.com\/konpetisyon-chanson-ayiti-2-0-soumet\/"},"modified":"2024-12-20T16:54:06","modified_gmt":"2024-12-20T21:54:06","slug":"konpetisyon-chanson-ayiti-2-0-soumet","status":"publish","type":"page","link":"https:\/\/dodorservices.com\/hc\/konpetisyon-chanson-ayiti-2-0-soumet\/","title":{"rendered":"Konpetisyon Chanson Ayiti 2.0 Soum\u00e8t"},"content":{"rendered":"<div class=\"fusion-fullwidth fullwidth-box fusion-builder-row-1 fusion-flex-container has-pattern-background has-mask-background nonhundred-percent-fullwidth non-hundred-percent-height-scrolling\" style=\"--awb-border-radius-top-left:0px;--awb-border-radius-top-right:0px;--awb-border-radius-bottom-right:0px;--awb-border-radius-bottom-left:0px;--awb-flex-wrap:wrap;\" ><div class=\"fusion-builder-row fusion-row fusion-flex-align-items-flex-start fusion-flex-content-wrap\" style=\"max-width:1310.4px;margin-left: calc(-4% \/ 2 );margin-right: calc(-4% \/ 2 );\"><div class=\"fusion-layout-column fusion_builder_column fusion-builder-column-0 fusion_builder_column_1_1 1_1 fusion-flex-column\" style=\"--awb-bg-size:cover;--awb-width-large:100%;--awb-margin-top-large:20px;--awb-spacing-right-large:1.92%;--awb-margin-bottom-large:20px;--awb-spacing-left-large:1.92%;--awb-width-medium:100%;--awb-order-medium:0;--awb-spacing-right-medium:1.92%;--awb-spacing-left-medium:1.92%;--awb-width-small:100%;--awb-order-small:0;--awb-spacing-right-small:1.92%;--awb-spacing-left-small:1.92%;\"><div class=\"fusion-column-wrapper fusion-column-has-shadow fusion-flex-justify-content-flex-start fusion-content-layout-column\"><div class=\"fusion-text fusion-text-1\"><h1 style=\"text-align: center;\">M\u00e8si pou soumisyonw .<\/h1>\n<p>M\u00e8si deske w antre nan Konkou Chanson Ayiti 2.0. nou voye yon im\u00e8l nan adres im\u00e8l oun te ba nou pou konfime kew anrejistre. Li tou gen lyen ou dwe itilize pou w telechaje fichye mizik ak videyo sou WhatsApp si sa neses\u00e8.<\/p>\n<p>Si ou poko resevwa konfimasyon ou oswa si w gen nenp\u00f2t kesyon, tanpri voye im\u00e8l bay <a href=\"mailto:dodorvibe@gmail.com\">dodorvibe@gmail.com<\/a> oswa ban nou yon ap\u00e8l nan 718.758.5005 pandan l\u00e8 biznis.<\/p>\n<\/div><\/div><\/div><\/div><\/div>\n","protected":false},"excerpt":{"rendered":"","protected":false},"author":1,"featured_media":3376,"parent":0,"menu_order":0,"comment_status":"closed","ping_status":"closed","template":"","meta":{"_coblocks_attr":"","_coblocks_dimensions":"","_coblocks_responsive_height":"","_coblocks_accordion_ie_support":"","_monsterinsights_skip_tracking":false,"_monsterinsights_sitenote_active":false,"_monsterinsights_sitenote_note":"","_monsterinsights_sitenote_category":0,"footnotes":""},"class_list":["post-3390","page","type-page","status-publish","has-post-thumbnail","hentry"],"_links":{"self":[{"href":"https:\/\/dodorservices.com\/hc\/wp-json\/wp\/v2\/pages\/3390","targetHints":{"allow":["GET"]}}],"collection":[{"href":"https:\/\/dodorservices.com\/hc\/wp-json\/wp\/v2\/pages"}],"about":[{"href":"https:\/\/dodorservices.com\/hc\/wp-json\/wp\/v2\/types\/page"}],"author":[{"embeddable":true,"href":"https:\/\/dodorservices.com\/hc\/wp-json\/wp\/v2\/users\/1"}],"replies":[{"embeddable":true,"href":"https:\/\/dodorservices.com\/hc\/wp-json\/wp\/v2\/comments?post=3390"}],"version-history":[{"count":2,"href":"https:\/\/dodorservices.com\/hc\/wp-json\/wp\/v2\/pages\/3390\/revisions"}],"predecessor-version":[{"id":3392,"href":"https:\/\/dodorservices.com\/hc\/wp-json\/wp\/v2\/pages\/3390\/revisions\/3392"}],"wp:featuredmedia":[{"embeddable":true,"href":"https:\/\/dodorservices.com\/hc\/wp-json\/wp\/v2\/media\/3376"}],"wp:attachment":[{"href":"https:\/\/dodorservices.com\/hc\/wp-json\/wp\/v2\/media?parent=3390"}],"curies":[{"name":"wp","href":"https:\/\/api.w.org\/{rel}","templated":true}]}}