{"id":3406,"date":"2024-10-27T17:02:23","date_gmt":"2024-10-27T22:02:23","guid":{"rendered":"https:\/\/dodorservices.com\/imigrasyon\/"},"modified":"2024-12-21T12:42:22","modified_gmt":"2024-12-21T17:42:22","slug":"imigrasyon","status":"publish","type":"page","link":"https:\/\/dodorservices.com\/hc\/imigrasyon\/","title":{"rendered":"Imigrasyon"},"content":{"rendered":"<p><div class=\"fusion-fullwidth fullwidth-box fusion-builder-row-1 fusion-flex-container has-pattern-background has-mask-background nonhundred-percent-fullwidth non-hundred-percent-height-scrolling\" style=\"--awb-border-radius-top-left:0px;--awb-border-radius-top-right:0px;--awb-border-radius-bottom-right:0px;--awb-border-radius-bottom-left:0px;--awb-flex-wrap:wrap;\" ><div class=\"fusion-builder-row fusion-row fusion-flex-align-items-flex-start fusion-flex-content-wrap\" style=\"max-width:1310.4px;margin-left: calc(-4% \/ 2 );margin-right: calc(-4% \/ 2 );\"><div class=\"fusion-layout-column fusion_builder_column fusion-builder-column-0 fusion_builder_column_1_1 1_1 fusion-flex-column fusion-flex-align-self-stretch\" style=\"--awb-bg-color:#57a3d6;--awb-bg-color-hover:#57a3d6;--awb-bg-size:cover;--awb-width-large:100%;--awb-margin-top-large:20px;--awb-spacing-right-large:1.92%;--awb-margin-bottom-large:20px;--awb-spacing-left-large:1.92%;--awb-width-medium:100%;--awb-order-medium:0;--awb-spacing-right-medium:1.92%;--awb-spacing-left-medium:1.92%;--awb-width-small:100%;--awb-order-small:0;--awb-spacing-right-small:1.92%;--awb-spacing-left-small:1.92%;\"><div class=\"fusion-column-wrapper fusion-column-has-shadow fusion-flex-justify-content-center fusion-content-layout-row\"><div class=\"fusion-image-element \" style=\"--awb-caption-title-color:#ffffff;--awb-caption-title-font-family:var(--h2_typography-font-family);--awb-caption-title-font-weight:var(--h2_typography-font-weight);--awb-caption-title-font-style:var(--h2_typography-font-style);--awb-caption-title-size:var(--h2_typography-font-size);--awb-caption-title-transform:var(--h2_typography-text-transform);--awb-caption-title-line-height:var(--h2_typography-line-height);--awb-caption-title-letter-spacing:var(--h2_typography-letter-spacing);\"><span class=\" fusion-imageframe imageframe-none imageframe-1 awb-imageframe-style awb-imageframe-style-navin\" style=\"border-radius:12px;\"><img decoding=\"async\" width=\"1400\" height=\"501\" alt=\"Immigration\" title=\"Dodor Immigration Services\" src=\"https:\/\/dodorservices.com\/wp-content\/uploads\/2024\/10\/banner-Immigration.jpg\" data-orig-src=\"https:\/\/dodorservices.com\/wp-content\/uploads\/2024\/10\/banner-Immigration.jpg\" class=\"lazyload img-responsive wp-image-2434\" srcset=\"data:image\/svg+xml,%3Csvg%20xmlns%3D%27http%3A%2F%2Fwww.w3.org%2F2000%2Fsvg%27%20width%3D%271400%27%20height%3D%27501%27%20viewBox%3D%270%200%201400%20501%27%3E%3Crect%20width%3D%271400%27%20height%3D%27501%27%20fill-opacity%3D%220%22%2F%3E%3C%2Fsvg%3E\" data-srcset=\"https:\/\/dodorservices.com\/wp-content\/uploads\/2024\/10\/banner-Immigration-200x72.jpg 200w, https:\/\/dodorservices.com\/wp-content\/uploads\/2024\/10\/banner-Immigration-400x143.jpg 400w, https:\/\/dodorservices.com\/wp-content\/uploads\/2024\/10\/banner-Immigration-600x215.jpg 600w, https:\/\/dodorservices.com\/wp-content\/uploads\/2024\/10\/banner-Immigration-800x286.jpg 800w, https:\/\/dodorservices.com\/wp-content\/uploads\/2024\/10\/banner-Immigration-1200x429.jpg 1200w, https:\/\/dodorservices.com\/wp-content\/uploads\/2024\/10\/banner-Immigration.jpg 1400w\" data-sizes=\"auto\" data-orig-sizes=\"(max-width: 640px) 100vw, 1400px\" \/><div class=\"awb-imageframe-caption-container\"><div class=\"awb-imageframe-caption\"><h2 class=\"awb-imageframe-caption-title\">Dodor Immigration Services<\/h2><p class=\"awb-imageframe-caption-text\">Dodor Immigration Services<\/p><\/div><\/div><\/span><\/div><\/div><\/div><\/div><\/div><div class=\"fusion-fullwidth fullwidth-box fusion-builder-row-2 fusion-flex-container has-pattern-background has-mask-background nonhundred-percent-fullwidth non-hundred-percent-height-scrolling\" style=\"--awb-border-radius-top-left:0px;--awb-border-radius-top-right:0px;--awb-border-radius-bottom-right:0px;--awb-border-radius-bottom-left:0px;--awb-flex-wrap:wrap;\" ><div class=\"fusion-builder-row fusion-row fusion-flex-align-items-flex-start fusion-flex-content-wrap\" style=\"max-width:1310.4px;margin-left: calc(-4% \/ 2 );margin-right: calc(-4% \/ 2 );\"><div class=\"fusion-layout-column fusion_builder_column fusion-builder-column-1 fusion_builder_column_1_1 1_1 fusion-flex-column\" style=\"--awb-bg-size:cover;--awb-width-large:100%;--awb-margin-top-large:20px;--awb-spacing-right-large:1.92%;--awb-margin-bottom-large:20px;--awb-spacing-left-large:1.92%;--awb-width-medium:100%;--awb-order-medium:0;--awb-spacing-right-medium:1.92%;--awb-spacing-left-medium:1.92%;--awb-width-small:100%;--awb-order-small:0;--awb-spacing-right-small:1.92%;--awb-spacing-left-small:1.92%;\"><div class=\"fusion-column-wrapper fusion-column-has-shadow fusion-flex-justify-content-flex-start fusion-content-layout-column\"><div class=\"fusion-content-boxes content-boxes columns row fusion-columns-1 fusion-columns-total-1 fusion-content-boxes-1 content-boxes-icon-on-top content-left\" style=\"--awb-hover-accent-color:var(--awb-color7);--awb-circle-hover-accent-color:transparent;--awb-item-margin-bottom:40px;\" data-animationOffset=\"top-into-view\"><div style=\"--awb-backgroundcolor:rgba(255,255,255,0);\" class=\"fusion-column content-box-column content-box-column content-box-column-1 col-lg-12 col-md-12 col-sm-12 fusion-content-box-hover content-box-column-last content-box-column-last-in-row\"><div class=\"col content-box-wrapper content-wrapper link-area-link-icon content-icon-wrapper-yes icon-hover-animation-fade\" data-animationOffset=\"top-into-view\"><div class=\"heading heading-with-icon icon-left\"><div class=\"icon\"><span ><i style=\"background-color:transparent;border-color:transparent;height:auto;width: 32px;line-height:normal;font-size:32px;\" aria-hidden=\"true\" class=\"fontawesome-icon fa-atlas fas circle-no\"><\/i><\/span><\/div><h2 class=\"content-box-heading fusion-responsive-typography-calculated\" style=\"--h2_typography-font-size:24px;--fontSize:24;line-height:1.2;\">Imigrasyon<\/h2><\/div><div class=\"fusion-clearfix\"><\/div><div class=\"content-container\">\n<p style=\"text-align: left;\"><b>Sip\u00f2 pou Imigrasyon<\/b><\/p>\n<p style=\"text-align: left;\">Deplase nan yon nouvo peyi ka difisil, men ou pa poukont ou! Ekip sip\u00f2 imigrasyon nou an la pou gide ou atrav\u00e8 chak etap, li ofri asistans p\u00e8sonalize pou asire yon tranzisyon ki san pwobl\u00e8m.<\/p>\n<p style=\"text-align: left;\"><b>Fil pou Imigrasyon<\/b><\/p>\n<p style=\"text-align: left;\">Navigasyon dokiman yo ka akablan. Kite nou jere tout detay yo ak sevis imigrasyon nou yo, pou ou ka konsantre sou konstwi yon lot lavi<\/p>\n<\/div><\/div><\/div><div class=\"fusion-clearfix\"><\/div><\/div><\/div><\/div><\/div><\/div><\/p>\n","protected":false},"excerpt":{"rendered":"","protected":false},"author":1,"featured_media":0,"parent":0,"menu_order":0,"comment_status":"closed","ping_status":"closed","template":"","meta":{"_coblocks_attr":"","_coblocks_dimensions":"","_coblocks_responsive_height":"","_coblocks_accordion_ie_support":"","_monsterinsights_skip_tracking":false,"_monsterinsights_sitenote_active":false,"_monsterinsights_sitenote_note":"","_monsterinsights_sitenote_category":0,"footnotes":""},"class_list":["post-3406","page","type-page","status-publish","hentry"],"_links":{"self":[{"href":"https:\/\/dodorservices.com\/hc\/wp-json\/wp\/v2\/pages\/3406","targetHints":{"allow":["GET"]}}],"collection":[{"href":"https:\/\/dodorservices.com\/hc\/wp-json\/wp\/v2\/pages"}],"about":[{"href":"https:\/\/dodorservices.com\/hc\/wp-json\/wp\/v2\/types\/page"}],"author":[{"embeddable":true,"href":"https:\/\/dodorservices.com\/hc\/wp-json\/wp\/v2\/users\/1"}],"replies":[{"embeddable":true,"href":"https:\/\/dodorservices.com\/hc\/wp-json\/wp\/v2\/comments?post=3406"}],"version-history":[{"count":3,"href":"https:\/\/dodorservices.com\/hc\/wp-json\/wp\/v2\/pages\/3406\/revisions"}],"predecessor-version":[{"id":3409,"href":"https:\/\/dodorservices.com\/hc\/wp-json\/wp\/v2\/pages\/3406\/revisions\/3409"}],"wp:attachment":[{"href":"https:\/\/dodorservices.com\/hc\/wp-json\/wp\/v2\/media?parent=3406"}],"curies":[{"name":"wp","href":"https:\/\/api.w.org\/{rel}","templated":true}]}}