{"id":3529,"date":"2025-01-11T13:36:16","date_gmt":"2025-01-11T18:36:16","guid":{"rendered":"https:\/\/dodorservices.com\/pre-enskripsyon-konpetisyon-chanson-ayiti-2-0-ale\/"},"modified":"2025-01-11T15:00:21","modified_gmt":"2025-01-11T20:00:21","slug":"pre-enskripsyon-konpetisyon-chanson-ayiti-2-0-ale","status":"publish","type":"page","link":"https:\/\/dodorservices.com\/hc\/pre-enskripsyon-konpetisyon-chanson-ayiti-2-0-ale\/","title":{"rendered":"Pre Enskripsyon Konpetisyon Chanson Ayiti 2.0 Ale"},"content":{"rendered":"<div class=\"fusion-fullwidth fullwidth-box fusion-builder-row-1 fusion-flex-container has-pattern-background has-mask-background nonhundred-percent-fullwidth non-hundred-percent-height-scrolling\" style=\"--awb-border-radius-top-left:0px;--awb-border-radius-top-right:0px;--awb-border-radius-bottom-right:0px;--awb-border-radius-bottom-left:0px;--awb-flex-wrap:wrap;\" ><div class=\"fusion-builder-row fusion-row fusion-flex-align-items-flex-start fusion-flex-content-wrap\" style=\"max-width:1310.4px;margin-left: calc(-4% \/ 2 );margin-right: calc(-4% \/ 2 );\"><div class=\"fusion-layout-column fusion_builder_column fusion-builder-column-0 fusion_builder_column_1_1 1_1 fusion-flex-column\" style=\"--awb-bg-size:cover;--awb-width-large:100%;--awb-margin-top-large:20px;--awb-spacing-right-large:1.92%;--awb-margin-bottom-large:20px;--awb-spacing-left-large:1.92%;--awb-width-medium:100%;--awb-order-medium:0;--awb-spacing-right-medium:1.92%;--awb-spacing-left-medium:1.92%;--awb-width-small:100%;--awb-order-small:0;--awb-spacing-right-small:1.92%;--awb-spacing-left-small:1.92%;\"><div class=\"fusion-column-wrapper fusion-column-has-shadow fusion-flex-justify-content-flex-start fusion-content-layout-column\"><div class=\"fusion-text fusion-text-1\"><h1 style=\"text-align: center; --fontSize: 60; line-height: 1.16;\" data-fontsize=\"60\" data-lineheight=\"69.6px\" class=\"fusion-responsive-typography-calculated\">Plas ou rez\u00e8ve!<\/h1>\n<p>Nap kenbe plas ou pou konkou Chante Haiti 2.0 a. Yo voye enf\u00f2masyon ki anba a ba ou tou pa im\u00e8l.<\/p>\n<p>Pwochen etap ou yo se ekri chante ou a, anrejistre t\u00e8t ou (oswa gwoup ou a kap chante l), pran foto, epi soum\u00e8t aplikasyon w lan. Pa mize, paske dat aplikasyon final la ap vini tal\u00e8. (N ap voye yon im\u00e8l ba ou yon fwa nou det\u00e8mine d\u00e8nye dat pou aplikasyon yo.)<\/p>\n<p>K\u00f2m rap\u00e8l, nou pral bezwen bagay sa yo pou aplikasyon final la:<\/p>\n<ul>\n<li>Enf\u00f2masyon kontak ou (non, adr\u00e8s nimewo telef\u00f2n, elatriye&#8230;)<\/li>\n<li>Enf\u00f2masyon ak foto atis oswa gwoup (non atis, non manm gwoup, elatriye&#8230;)<\/li>\n<li>Enf\u00f2masyon sou chante w ap soum\u00e8t la (non chante, YouTube, lyen SoundCloud oswa telechaje chante oswa videyo.)<\/li>\n<\/ul>\n<p>Kounye a, al travay sou ou mizik ou. B\u00d2N CHANS!<\/p>\n<p>Lew pare pou fin enskri, ou ka klike anba a:<\/p>\n<p><a href=\"https:\/\/dodorservices.com\/hc\/fom-konpetisyon-chanson-ayiti-2-0\/\"><b>https:\/\/dodorservices.com\/haiti-2-0-song-competition\/<\/b><\/a><\/p>\n<\/div><\/div><\/div><\/div><\/div>\n","protected":false},"excerpt":{"rendered":"","protected":false},"author":1,"featured_media":3376,"parent":0,"menu_order":0,"comment_status":"closed","ping_status":"closed","template":"","meta":{"_coblocks_attr":"","_coblocks_dimensions":"","_coblocks_responsive_height":"","_coblocks_accordion_ie_support":"","_monsterinsights_skip_tracking":false,"_monsterinsights_sitenote_active":false,"_monsterinsights_sitenote_note":"","_monsterinsights_sitenote_category":0,"footnotes":""},"class_list":["post-3529","page","type-page","status-publish","has-post-thumbnail","hentry"],"_links":{"self":[{"href":"https:\/\/dodorservices.com\/hc\/wp-json\/wp\/v2\/pages\/3529","targetHints":{"allow":["GET"]}}],"collection":[{"href":"https:\/\/dodorservices.com\/hc\/wp-json\/wp\/v2\/pages"}],"about":[{"href":"https:\/\/dodorservices.com\/hc\/wp-json\/wp\/v2\/types\/page"}],"author":[{"embeddable":true,"href":"https:\/\/dodorservices.com\/hc\/wp-json\/wp\/v2\/users\/1"}],"replies":[{"embeddable":true,"href":"https:\/\/dodorservices.com\/hc\/wp-json\/wp\/v2\/comments?post=3529"}],"version-history":[{"count":2,"href":"https:\/\/dodorservices.com\/hc\/wp-json\/wp\/v2\/pages\/3529\/revisions"}],"predecessor-version":[{"id":3531,"href":"https:\/\/dodorservices.com\/hc\/wp-json\/wp\/v2\/pages\/3529\/revisions\/3531"}],"wp:featuredmedia":[{"embeddable":true,"href":"https:\/\/dodorservices.com\/hc\/wp-json\/wp\/v2\/media\/3376"}],"wp:attachment":[{"href":"https:\/\/dodorservices.com\/hc\/wp-json\/wp\/v2\/media?parent=3529"}],"curies":[{"name":"wp","href":"https:\/\/api.w.org\/{rel}","templated":true}]}}